{"id":482,"date":"2023-02-17T13:59:54","date_gmt":"2023-02-17T12:59:54","guid":{"rendered":"https:\/\/shop.natch-abbia.com\/accueil\/"},"modified":"2023-11-09T18:11:36","modified_gmt":"2023-11-09T17:11:36","slug":"accueil","status":"publish","type":"page","link":"https:\/\/shop.natch-abbia.com\/es\/","title":{"rendered":"Inicio"},"content":{"rendered":"[et_pb_section fb_built=&#8221;1&#8243; _builder_version=&#8221;4.19.5&#8243; _module_preset=&#8221;default&#8221; saved_tabs=&#8221;all&#8221; global_colors_info=&#8221;{}&#8221;][et_pb_row column_structure=&#8221;1_4,3_4&#8243; _builder_version=&#8221;4.19.5&#8243; _module_preset=&#8221;default&#8221; global_colors_info=&#8221;{}&#8221;][et_pb_column type=&#8221;1_4&#8243; _builder_version=&#8221;4.19.5&#8243; _module_preset=&#8221;default&#8221; global_colors_info=&#8221;{}&#8221;][et_pb_image src=&#8221;https:\/\/shop.natch-abbia.com\/wp-content\/uploads\/2023\/02\/logo-Natch.png&#8221; alt=&#8221;Natch comunicaci\u00f3n por v\u00eddeo&#8221; title_text=&#8221;Natch&#8221; align=&#8221;center&#8221; _builder_version=&#8221;4.20.4&#8243; _module_preset=&#8221;default&#8221; width=&#8221;100%&#8221; max_width=&#8221;100%&#8221; module_alignment=&#8221;center&#8221; global_colors_info=&#8221;{}&#8221;][\/et_pb_image][\/et_pb_column][et_pb_column type=&#8221;3_4&#8243; _builder_version=&#8221;4.19.5&#8243; _module_preset=&#8221;default&#8221; global_colors_info=&#8221;{}&#8221;][et_pb_sidebar orientation=&#8221;right&#8221; area=&#8221;sidebar-2&#8243; _builder_version=&#8221;4.20.4&#8243; _module_preset=&#8221;default&#8221; global_colors_info=&#8221;{}&#8221;][\/et_pb_sidebar][et_pb_menu menu_id=&#8221;30&#8243; module_id=&#8221;menu&#8221; _builder_version=&#8221;4.20.4&#8243; _module_preset=&#8221;default&#8221; text_orientation=&#8221;right&#8221; global_colors_info=&#8221;{}&#8221;][\/et_pb_menu][\/et_pb_column][\/et_pb_row][\/et_pb_section][et_pb_section fb_built=&#8221;1&#8243; _builder_version=&#8221;4.19.5&#8243; _module_preset=&#8221;default&#8221; background_image=&#8221;https:\/\/shop.natch-abbia.com\/wp-content\/uploads\/2023\/03\/bandeau.png&#8221; background_size=&#8221;initial&#8221; min_height=&#8221;350px&#8221; background_last_edited=&#8221;on|desktop&#8221; background_image_tablet=&#8221;https:\/\/shop.natch-abbia.com\/wp-content\/uploads\/2023\/03\/bandeau.png&#8221; background_enable_image_tablet=&#8221;on&#8221; background_size_tablet=&#8221;cover&#8221; background_size_phone=&#8221;cover&#8221; global_colors_info=&#8221;{}&#8221;][et_pb_row _builder_version=&#8221;4.19.5&#8243; _module_preset=&#8221;default&#8221; global_colors_info=&#8221;{}&#8221;][et_pb_column type=&#8221;4_4&#8243; _builder_version=&#8221;4.19.5&#8243; _module_preset=&#8221;default&#8221; global_colors_info=&#8221;{}&#8221;][et_pb_text _builder_version=&#8221;4.19.5&#8243; _module_preset=&#8221;default&#8221; custom_margin=&#8221;||0px||false|false&#8221; header_font_size_tablet=&#8221;&#8221; header_font_size_phone=&#8221;24px&#8221; header_font_size_last_edited=&#8221;on|phone&#8221; global_colors_info=&#8221;{}&#8221;]\n<h1 style=\"text-align: center;\">SOLUCI\u00d3N DE COMUNICACIONES SEGURAS<\/h1>\n[\/et_pb_text][et_pb_text _builder_version=&#8221;4.19.5&#8243; _module_preset=&#8221;default&#8221; text_font_size=&#8221;26px&#8221; text_line_height=&#8221;1.4em&#8221; global_colors_info=&#8221;{}&#8221;]\n<p style=\"text-align: center;\">INSTANT\u00c1NEA &amp; AVANZADA, MULTIUSO<br \/>\n&amp; MULTIPLATAFORMA<\/p>\n[\/et_pb_text][et_pb_text _builder_version=&#8221;4.19.5&#8243; _module_preset=&#8221;default&#8221; text_font=&#8221;Sriracha||||||||&#8221; text_text_color=&#8221;#d0972c&#8221; text_font_size=&#8221;32px&#8221; global_colors_info=&#8221;{}&#8221;]\n<p style=\"text-align: center;\">Choisissez Natch\u2026 Naturellement !<\/p>\n[\/et_pb_text][et_pb_image src=&#8221;https:\/\/shop.natch-abbia.com\/wp-content\/uploads\/2023\/03\/duo-TabletteIphone-n.png&#8221; alt=&#8221;Soluciones de videocomunicaci\u00f3n&#8221; align=&#8221;center&#8221; disabled_on=&#8221;off|off|on&#8221; _builder_version=&#8221;4.20.4&#8243; _module_preset=&#8221;default&#8221; hover_enabled=&#8221;0&#8243; global_colors_info=&#8221;{}&#8221; sticky_enabled=&#8221;0&#8243;][\/et_pb_image][\/et_pb_column][\/et_pb_row][\/et_pb_section][et_pb_section fb_built=&#8221;1&#8243; _builder_version=&#8221;4.19.5&#8243; _module_preset=&#8221;default&#8221; global_colors_info=&#8221;{}&#8221;][et_pb_row _builder_version=&#8221;4.19.5&#8243; _module_preset=&#8221;default&#8221; global_colors_info=&#8221;{}&#8221;][et_pb_column type=&#8221;4_4&#8243; _builder_version=&#8221;4.19.5&#8243; _module_preset=&#8221;default&#8221; global_colors_info=&#8221;{}&#8221;][et_pb_text _builder_version=&#8221;4.19.5&#8243; _module_preset=&#8221;default&#8221; global_colors_info=&#8221;{}&#8221;]\n<h2 style=\"text-align: center;\">NATCH WEB APP SUITE<\/h2>\n[\/et_pb_text][\/et_pb_column][\/et_pb_row][et_pb_row column_structure=&#8221;1_4,1_4,1_4,1_4&#8243; module_id=&#8221;offres&#8221; _builder_version=&#8221;4.19.5&#8243; _module_preset=&#8221;default&#8221; global_colors_info=&#8221;{}&#8221;][et_pb_column type=&#8221;1_4&#8243; _builder_version=&#8221;4.19.5&#8243; _module_preset=&#8221;default&#8221; global_colors_info=&#8221;{}&#8221;][et_pb_text module_class=&#8221;color-grey&#8221; _builder_version=&#8221;4.19.5&#8243; _module_preset=&#8221;default&#8221; text_font_size=&#8221;18px&#8221; global_colors_info=&#8221;{}&#8221;]\n<p style=\"text-align: left;\"><strong>Productos vers\u00e1tiles de comunicaci\u00f3n por v\u00eddeo,<\/strong><\/p>\n<p style=\"text-align: left;\"><strong>F\u00e1ciles de usar,<\/strong><\/p>\n<p style=\"text-align: left;\"><strong>Econ\u00f3micos,<\/strong><\/p>\n<p style=\"text-align: left;\"><strong>Seguros,<\/strong><\/p>\n<p style=\"text-align: left;\"><strong>Respetuoso con los datos privados,<\/strong><\/p>\n<p style=\"text-align: left;\"><strong>Independientes de las redes sociales,<\/strong><\/p>\n<p style=\"text-align: left;\"><strong>Eco-responsables.<\/strong><\/p>\n[\/et_pb_text][et_pb_text _builder_version=&#8221;4.19.5&#8243; _module_preset=&#8221;default&#8221; global_colors_info=&#8221;{}&#8221;][\/et_pb_text][\/et_pb_column][et_pb_column type=&#8221;1_4&#8243; _builder_version=&#8221;4.19.5&#8243; _module_preset=&#8221;default&#8221; global_colors_info=&#8221;{}&#8221;][et_pb_image src=&#8221;https:\/\/shop.natch-abbia.com\/wp-content\/uploads\/2023\/02\/Natch-Duo.png&#8221; alt=&#8221;Natch-Duo&#8221; title_text=&#8221;NatchDuo&#8221; align=&#8221;center&#8221; _builder_version=&#8221;4.19.5&#8243; _module_preset=&#8221;default&#8221; global_colors_info=&#8221;{}&#8221;][\/et_pb_image][et_pb_text _builder_version=&#8221;4.20.4&#8243; _module_preset=&#8221;default&#8221; min_height=&#8221;110px&#8221; global_colors_info=&#8221;{}&#8221;]\n<p style=\"text-align: center;\">NatchDuo es una <strong><a href=\"https:\/\/shop.natch-abbia.com\/es\/natchduo\/\">app de mensajer\u00eda privada<\/a><\/strong> que garantiza comunicaciones seguras y videollamadas confidenciales en &#8220;modo d\u00fao&#8221;<\/p>\n[\/et_pb_text][et_pb_button button_url=&#8221;@ET-DC@eyJkeW5hbWljIjp0cnVlLCJjb250ZW50IjoicG9zdF9saW5rX3VybF9wcm9kdWN0Iiwic2V0dGluZ3MiOnsicG9zdF9pZCI6Ijk0NiJ9fQ==@&#8221; button_text=&#8221;DESCUBRIR&#8221; button_alignment=&#8221;center&#8221; _builder_version=&#8221;4.20.4&#8243; _dynamic_attributes=&#8221;button_url&#8221; _module_preset=&#8221;default&#8221; global_colors_info=&#8221;{}&#8221;][\/et_pb_button][\/et_pb_column][et_pb_column type=&#8221;1_4&#8243; _builder_version=&#8221;4.19.5&#8243; _module_preset=&#8221;default&#8221; global_colors_info=&#8221;{}&#8221;][et_pb_image src=&#8221;https:\/\/shop.natch-abbia.com\/wp-content\/uploads\/2023\/02\/Logo-senior.png&#8221; alt=&#8221;Logo senior&#8221; title_text=&#8221;Logo senior&#8221; align=&#8221;center&#8221; _builder_version=&#8221;4.19.5&#8243; _module_preset=&#8221;default&#8221; custom_padding=&#8221;||8px||false|false&#8221; global_colors_info=&#8221;{}&#8221;][\/et_pb_image][et_pb_text _builder_version=&#8221;4.20.4&#8243; _module_preset=&#8221;default&#8221; min_height=&#8221;110px&#8221; global_colors_info=&#8221;{}&#8221;]\n<p style=\"text-align: center;\">NatchSenior es una <a style=\"color: #829d53;\" href=\"https:\/\/shop.natch-abbia.com\/es\/natch-senior\/\"><strong>app de videollamadas para personas mayores<\/strong><\/a>, que facilita relaciones familiares intergeneracionales y de entornos m\u00e9dicos<\/p>\n[\/et_pb_text][et_pb_button button_url=&#8221;@ET-DC@eyJkeW5hbWljIjp0cnVlLCJjb250ZW50IjoicG9zdF9saW5rX3VybF9wcm9kdWN0Iiwic2V0dGluZ3MiOnsicG9zdF9pZCI6IjM5In19@&#8221; button_text=&#8221;DESCUBRIR&#8221; button_alignment=&#8221;center&#8221; _builder_version=&#8221;4.19.5&#8243; _dynamic_attributes=&#8221;button_url&#8221; _module_preset=&#8221;default&#8221; custom_button=&#8221;on&#8221; button_bg_color=&#8221;#829d53&#8243; button_use_icon=&#8221;off&#8221; global_colors_info=&#8221;{}&#8221; button_bg_color__hover_enabled=&#8221;on|hover&#8221; button_bg_color__hover=&#8221;rgba(255,255,255,0.2)&#8221; button_bg_enable_color__hover=&#8221;on&#8221; button_text_color__hover_enabled=&#8221;on|hover&#8221; button_text_color__hover=&#8221;#829d53&#8243; button_border_color__hover_enabled=&#8221;on|hover&#8221; button_border_color__hover=&#8221;#829d53&#8243;][\/et_pb_button][\/et_pb_column][et_pb_column type=&#8221;1_4&#8243; _builder_version=&#8221;4.19.5&#8243; _module_preset=&#8221;default&#8221; global_colors_info=&#8221;{}&#8221;][et_pb_image src=&#8221;https:\/\/shop.natch-abbia.com\/wp-content\/uploads\/2023\/02\/logo-Surv.png&#8221; alt=&#8221;logo Surv&#8221; title_text=&#8221;logo Surv&#8221; align=&#8221;center&#8221; _builder_version=&#8221;4.19.5&#8243; _module_preset=&#8221;default&#8221; global_colors_info=&#8221;{}&#8221;][\/et_pb_image][et_pb_text _builder_version=&#8221;4.20.4&#8243; _module_preset=&#8221;default&#8221; min_height=&#8221;110px&#8221; global_colors_info=&#8221;{}&#8221;]\n<p style=\"text-align: center;\">NatchSurv es una <a href=\"https:\/\/shop.natch-abbia.com\/es\/natchsurv\/\"><strong>app de c\u00e1mara de vigilancia <\/strong><\/a>dise\u00f1ada espec\u00edficamente para hogares y negocios, con la ventaja de ser f\u00e1cilmente transportable<\/p>\n[\/et_pb_text][et_pb_button button_url=&#8221;@ET-DC@eyJkeW5hbWljIjp0cnVlLCJjb250ZW50IjoicG9zdF9saW5rX3VybF9wcm9kdWN0Iiwic2V0dGluZ3MiOnsicG9zdF9pZCI6IjQ1In19@&#8221; button_text=&#8221;DESCUBRIR&#8221; button_alignment=&#8221;center&#8221; _builder_version=&#8221;4.19.5&#8243; _dynamic_attributes=&#8221;button_url&#8221; _module_preset=&#8221;default&#8221; global_colors_info=&#8221;{}&#8221;][\/et_pb_button][\/et_pb_column][\/et_pb_row][\/et_pb_section][et_pb_section fb_built=&#8221;1&#8243; module_id=&#8221;home-compatible&#8221; _builder_version=&#8221;4.19.5&#8243; _module_preset=&#8221;default&#8221; background_color=&#8221;rgba(199,153,67,0.2)&#8221; custom_css_main_element=&#8221;background: transparent linear-gradient(180deg, #c79a4633 0%, #889c5c4D 100%) 0% 0% no-repeat padding-box;&#8221; global_colors_info=&#8221;{}&#8221;][et_pb_row _builder_version=&#8221;4.19.5&#8243; _module_preset=&#8221;default&#8221; global_colors_info=&#8221;{}&#8221;][et_pb_column type=&#8221;4_4&#8243; _builder_version=&#8221;4.19.5&#8243; _module_preset=&#8221;default&#8221; global_colors_info=&#8221;{}&#8221;][et_pb_text _builder_version=&#8221;4.19.5&#8243; _module_preset=&#8221;default&#8221; global_colors_info=&#8221;{}&#8221;]\n<h2 style=\"text-align: center;\">PRODUCTO MULTIUSOS Y MULTIPLATAFORMAS<\/h2>\n[\/et_pb_text][\/et_pb_column][\/et_pb_row][et_pb_row column_structure=&#8221;1_3,2_3&#8243; _builder_version=&#8221;4.19.5&#8243; _module_preset=&#8221;default&#8221; global_colors_info=&#8221;{}&#8221;][et_pb_column type=&#8221;1_3&#8243; _builder_version=&#8221;4.19.5&#8243; _module_preset=&#8221;default&#8221; global_colors_info=&#8221;{}&#8221;][et_pb_text _builder_version=&#8221;4.19.5&#8243; _module_preset=&#8221;default&#8221; global_colors_info=&#8221;{}&#8221;]\n<p><strong>Compatibles <\/strong><\/p>\n<p>&nbsp;<\/p>\n<ul>\n<li>Smartphone &amp; Tablet (Android \/ iOS)<\/li>\n<li>PC (Windows \/ Mac)<\/li>\n<li>Smart TV<\/li>\n<li>Smart TV box (Android)<\/li>\n<\/ul>\n[\/et_pb_text][\/et_pb_column][et_pb_column type=&#8221;2_3&#8243; _builder_version=&#8221;4.19.5&#8243; _module_preset=&#8221;default&#8221; global_colors_info=&#8221;{}&#8221;][et_pb_image src=&#8221;https:\/\/shop.natch-abbia.com\/wp-content\/uploads\/2023\/02\/mockup-1.png&#8221; alt=&#8221;mockuup&#8221; title_text=&#8221;mockuup&#8221; _builder_version=&#8221;4.19.5&#8243; _module_preset=&#8221;default&#8221; global_colors_info=&#8221;{}&#8221;][\/et_pb_image][\/et_pb_column][\/et_pb_row][\/et_pb_section][et_pb_section fb_built=&#8221;1&#8243; module_class=&#8221;descriptif&#8221; _builder_version=&#8221;4.19.5&#8243; _module_preset=&#8221;default&#8221; global_colors_info=&#8221;{}&#8221;][et_pb_row _builder_version=&#8221;4.19.5&#8243; _module_preset=&#8221;default&#8221; global_colors_info=&#8221;{}&#8221;][et_pb_column type=&#8221;4_4&#8243; _builder_version=&#8221;4.19.5&#8243; _module_preset=&#8221;default&#8221; global_colors_info=&#8221;{}&#8221;][et_pb_text _builder_version=&#8221;4.19.5&#8243; _module_preset=&#8221;default&#8221; text_font_size_tablet=&#8221;&#8221; text_font_size_phone=&#8221;&#8221; text_font_size_last_edited=&#8221;on|phone&#8221; header_font_size_tablet=&#8221;&#8221; header_font_size_phone=&#8221;&#8221; header_font_size_last_edited=&#8221;on|phone&#8221; header_2_font_size_tablet=&#8221;&#8221; header_2_font_size_phone=&#8221;24px&#8221; header_2_font_size_last_edited=&#8221;on|phone&#8221; global_colors_info=&#8221;{}&#8221;]\n<h2 style=\"text-align: center;\">V\u00cdDEO COMUNICACI\u00d3N INSTANT\u00c1NEA Y AVANZADA<\/h2>\n[\/et_pb_text][et_pb_text module_class=&#8221;color-grey&#8221; _builder_version=&#8221;4.19.5&#8243; _module_preset=&#8221;default&#8221; global_colors_info=&#8221;{}&#8221;]\n<p style=\"text-align: center;\">DOS DISPOSITIVOS DE COMUNICACI\u00d3N ESTRICTAMENTE IDENTIFICADOS Y CONECTADOS ENTRE S\u00cd<br \/>\nCADA USUARIO EST\u00c1 AUTORIZADO A MANIPULAR SU PROPIO DISPOSITIVO Y EL DISPOSITIVO REMOTO<br \/>\nPOSIBILIDAD DE INVITAR UN TERCERO A COMPARTIR LA COMUNICACI\u00d3N EN CURSO A TRAV\u00c9S DE UN ENLACE SEGURO<\/p>\n[\/et_pb_text][\/et_pb_column][\/et_pb_row][et_pb_row column_structure=&#8221;1_2,1_2&#8243; _builder_version=&#8221;4.19.5&#8243; _module_preset=&#8221;default&#8221; global_colors_info=&#8221;{}&#8221;][et_pb_column type=&#8221;1_2&#8243; _builder_version=&#8221;4.19.5&#8243; _module_preset=&#8221;default&#8221; global_colors_info=&#8221;{}&#8221;][et_pb_text _builder_version=&#8221;4.19.5&#8243; _module_preset=&#8221;default&#8221; global_colors_info=&#8221;{}&#8221;]\n<h3>V\u00eddeo comunicaci\u00f3n instant\u00e1nea y avanzada<\/h3>\n<ul>\n<li>Comunicaci\u00f3n protegida y no grabada (v\u00eddeo y sonido)<\/li>\n<li>Comunicaci\u00f3n no verbal entre los actores mediante indicaci\u00f3n visual de disponibilidad<\/li>\n<li>Descolgado autom\u00e1tico cuando se establece la comunicaci\u00f3n<\/li>\n<li>Control del dispositivo remoto por cada actor (micr\u00f3fono y c\u00e1maras)<\/li>\n<li>Utilizaci\u00f3n de todas las c\u00e1maras disponibles en los dispositivos utilizados<\/li>\n<li>Capacidad de an\u00e1lisis de v\u00eddeo para la detecci\u00f3n de movimientos y patrones (vigilancia mejorada por IA)<\/li>\n<\/ul>\n<h3>F\u00e1cil de utilizar y econ\u00f3mico<\/h3>\n<ul>\n<li>Uso intuitivo para todos<\/li>\n<li>Producto multiplataforma que puede utilizarse en cualquier lugar (movilidad)<\/li>\n<li>Calidad de comunicaci\u00f3n adaptada a la capacidad de la red<\/li>\n<li>Seguridad de los intercambios y las comunicaciones mediante cifrado<\/li>\n<li>No es necesario instalarlo en un dispositivo dedicado<\/li>\n<li>No es necesario disponer de un n\u00famero de tel\u00e9fono para utilizarlo<\/li>\n<\/ul>\n[\/et_pb_text][\/et_pb_column][et_pb_column type=&#8221;1_2&#8243; _builder_version=&#8221;4.19.5&#8243; _module_preset=&#8221;default&#8221; global_colors_info=&#8221;{}&#8221;][et_pb_text _builder_version=&#8221;4.19.5&#8243; _module_preset=&#8221;default&#8221; global_colors_info=&#8221;{}&#8221;]\n<h3>Respeto de los datos privados<\/h3>\n<ul>\n<li>Producto no vinculado a una red social o proveedor de publicidad<\/li>\n<li>Producto seguro que no accede a contactos y datos personales<\/li>\n<li>No recopila ni utiliza informaci\u00f3n personal ni metadatos en el dispositivo<\/li>\n<li>Producto que no utiliza un sistema de cookies (sin m\u00f3dulos ocultos instalados en el dispositivo)<\/li>\n<li>Producto desarrollado para funcionar de forma totalmente an\u00f3nima (sin datos recuperables por analizadores de comportamiento web)<\/li>\n<\/ul>\n<h3>Producto respetuoso con el medio ambiente<\/h3>\n<ul>\n<li>Producto ecol\u00f3gico que no almacena datos<\/li>\n<\/ul>\n<h3>Natch es de pago porque no se financia con sus datos personales<\/h3>\n<ul>\n<li>La confidencialidad, la privacidad y la non contaminaci\u00f3n publicitaria no son gratis<\/li>\n<li>Si no compr\u00e1is un servicio con dinero, lo est\u00e1is comprando indirectamente con su informaci\u00f3n personal y los metadatos de sus dispositivos<\/li>\n<\/ul>\n[\/et_pb_text][et_pb_image src=&#8221;https:\/\/shop.natch-abbia.com\/wp-content\/uploads\/2023\/03\/no.png&#8221; alt=&#8221;no&#8221; title_text=&#8221;no&#8221; _builder_version=&#8221;4.19.5&#8243; _module_preset=&#8221;default&#8221; global_colors_info=&#8221;{}&#8221;][\/et_pb_image][\/et_pb_column][\/et_pb_row][\/et_pb_section]\n","protected":false},"excerpt":{"rendered":"<p>SOLUCI\u00d3N DE COMUNICACIONES SEGURAS INSTANT\u00c1NEA &amp; AVANZADA, MULTIUSO &amp; MULTIPLATAFORMA Choisissez Natch\u2026 Naturellement ! NATCH WEB APP SUITE Productos vers\u00e1tiles de comunicaci\u00f3n por v\u00eddeo, F\u00e1ciles de usar, Econ\u00f3micos, Seguros, Respetuoso con los datos privados, Independientes de las redes sociales, Eco-responsables. NatchDuo es una app de mensajer\u00eda privada que garantiza comunicaciones seguras y videollamadas confidenciales en [&hellip;]<\/p>\n","protected":false},"author":1,"featured_media":0,"parent":0,"menu_order":0,"comment_status":"closed","ping_status":"closed","template":"","meta":{"_et_pb_use_builder":"on","_et_pb_old_content":"","_et_gb_content_width":"","footnotes":""},"class_list":["post-482","page","type-page","status-publish","hentry"],"yoast_head":"<!-- This site is optimized with the Yoast SEO plugin v26.7 - https:\/\/yoast.com\/wordpress\/plugins\/seo\/ -->\n<title>Soluci\u00f3n de comunicaciones seguras | Natch-Abbia<\/title>\n<meta name=\"description\" content=\"Descubra c\u00f3mo nuestra tecnolog\u00eda avanzada garantiza la privacidad y la seguridad de sus conversaciones y llamadas de voz y v\u00eddeo.\" \/>\n<meta name=\"robots\" content=\"index, follow, max-snippet:-1, max-image-preview:large, max-video-preview:-1\" \/>\n<link rel=\"canonical\" href=\"https:\/\/shop.natch-abbia.com\/es\/\" \/>\n<meta property=\"og:locale\" content=\"es_ES\" \/>\n<meta property=\"og:type\" content=\"article\" \/>\n<meta property=\"og:title\" content=\"Soluci\u00f3n de comunicaciones seguras | Natch-Abbia\" \/>\n<meta property=\"og:description\" content=\"Descubra c\u00f3mo nuestra tecnolog\u00eda avanzada garantiza la privacidad y la seguridad de sus conversaciones y llamadas de voz y v\u00eddeo.\" \/>\n<meta property=\"og:url\" content=\"https:\/\/shop.natch-abbia.com\/es\/\" \/>\n<meta property=\"og:site_name\" content=\"Solution Natch\" \/>\n<meta property=\"article:modified_time\" content=\"2023-11-09T17:11:36+00:00\" \/>\n<meta name=\"twitter:card\" content=\"summary_large_image\" \/>\n<meta name=\"twitter:label1\" content=\"Tiempo de lectura\" \/>\n\t<meta name=\"twitter:data1\" content=\"4 minutos\" \/>\n<!-- \/ Yoast SEO plugin. -->","yoast_head_json":{"title":"Soluci\u00f3n de comunicaciones seguras | Natch-Abbia","description":"Descubra c\u00f3mo nuestra tecnolog\u00eda avanzada garantiza la privacidad y la seguridad de sus conversaciones y llamadas de voz y v\u00eddeo.","robots":{"index":"index","follow":"follow","max-snippet":"max-snippet:-1","max-image-preview":"max-image-preview:large","max-video-preview":"max-video-preview:-1"},"canonical":"https:\/\/shop.natch-abbia.com\/es\/","og_locale":"es_ES","og_type":"article","og_title":"Soluci\u00f3n de comunicaciones seguras | Natch-Abbia","og_description":"Descubra c\u00f3mo nuestra tecnolog\u00eda avanzada garantiza la privacidad y la seguridad de sus conversaciones y llamadas de voz y v\u00eddeo.","og_url":"https:\/\/shop.natch-abbia.com\/es\/","og_site_name":"Solution Natch","article_modified_time":"2023-11-09T17:11:36+00:00","twitter_card":"summary_large_image","twitter_misc":{"Tiempo de lectura":"4 minutos"},"schema":{"@context":"https:\/\/schema.org","@graph":[{"@type":"WebPage","@id":"https:\/\/shop.natch-abbia.com\/es\/","url":"https:\/\/shop.natch-abbia.com\/es\/","name":"Soluci\u00f3n de comunicaciones seguras | Natch-Abbia","isPartOf":{"@id":"https:\/\/shop.natch-abbia.com\/es\/#website"},"datePublished":"2023-02-17T12:59:54+00:00","dateModified":"2023-11-09T17:11:36+00:00","description":"Descubra c\u00f3mo nuestra tecnolog\u00eda avanzada garantiza la privacidad y la seguridad de sus conversaciones y llamadas de voz y v\u00eddeo.","breadcrumb":{"@id":"https:\/\/shop.natch-abbia.com\/es\/#breadcrumb"},"inLanguage":"es","potentialAction":[{"@type":"ReadAction","target":["https:\/\/shop.natch-abbia.com\/es\/"]}]},{"@type":"BreadcrumbList","@id":"https:\/\/shop.natch-abbia.com\/es\/#breadcrumb","itemListElement":[{"@type":"ListItem","position":1,"name":"Inicio","item":"https:\/\/shop.natch-abbia.com\/es\/"},{"@type":"ListItem","position":2,"name":"Inicio"}]},{"@type":"WebSite","@id":"https:\/\/shop.natch-abbia.com\/es\/#website","url":"https:\/\/shop.natch-abbia.com\/es\/","name":"Solution Natch","description":"","potentialAction":[{"@type":"SearchAction","target":{"@type":"EntryPoint","urlTemplate":"https:\/\/shop.natch-abbia.com\/es\/?s={search_term_string}"},"query-input":{"@type":"PropertyValueSpecification","valueRequired":true,"valueName":"search_term_string"}}],"inLanguage":"es"}]}},"_links":{"self":[{"href":"https:\/\/shop.natch-abbia.com\/es\/wp-json\/wp\/v2\/pages\/482","targetHints":{"allow":["GET"]}}],"collection":[{"href":"https:\/\/shop.natch-abbia.com\/es\/wp-json\/wp\/v2\/pages"}],"about":[{"href":"https:\/\/shop.natch-abbia.com\/es\/wp-json\/wp\/v2\/types\/page"}],"author":[{"embeddable":true,"href":"https:\/\/shop.natch-abbia.com\/es\/wp-json\/wp\/v2\/users\/1"}],"replies":[{"embeddable":true,"href":"https:\/\/shop.natch-abbia.com\/es\/wp-json\/wp\/v2\/comments?post=482"}],"version-history":[{"count":79,"href":"https:\/\/shop.natch-abbia.com\/es\/wp-json\/wp\/v2\/pages\/482\/revisions"}],"predecessor-version":[{"id":2309,"href":"https:\/\/shop.natch-abbia.com\/es\/wp-json\/wp\/v2\/pages\/482\/revisions\/2309"}],"wp:attachment":[{"href":"https:\/\/shop.natch-abbia.com\/es\/wp-json\/wp\/v2\/media?parent=482"}],"curies":[{"name":"wp","href":"https:\/\/api.w.org\/{rel}","templated":true}]}}