{"id":496,"date":"2023-02-22T17:05:23","date_gmt":"2023-02-22T16:05:23","guid":{"rendered":"https:\/\/shop.natch-abbia.com\/mentions-legales\/"},"modified":"2024-03-18T15:07:37","modified_gmt":"2024-03-18T14:07:37","slug":"mentions-legales","status":"publish","type":"page","link":"https:\/\/shop.natch-abbia.com\/es\/mentions-legales\/","title":{"rendered":"Mentions l\u00e9gales"},"content":{"rendered":"\r\n<p>Conform\u00e9ment aux dispositions de la loi n\u00b0 2004-575 du 21 juin 2004 pour la confiance en l\u2019\u00e9conomie num\u00e9rique, il est pr\u00e9cis\u00e9 aux utilisateurs du site\u00a0<strong><em>shop.natch-abbia.com<\/em><\/strong>\u00a0l\u2019identit\u00e9 des diff\u00e9rents intervenants dans le cadre de sa r\u00e9alisation et de son suivi.<\/p>\r\n<p>&nbsp;<\/p>\r\n\r\n\r\n\r\n<h3 class=\"wp-block-heading\">Responsable \u00e9dition et publication du site<\/h3>\r\n\r\n\r\n\r\n<p>Le site\u00a0<strong><em>shop.natch-abbia.com<\/em><\/strong>\u00a0est \u00e9dit\u00e9 par la soci\u00e9t\u00e9 ABBIA \u00ab GNSS Technologies \u00bb, soci\u00e9t\u00e9 \u00e0 responsabilit\u00e9 limit\u00e9e au capital de 160.000,00 euros, soumise \u00e0 la loi fran\u00e7aise dont le si\u00e8ge social est situ\u00e9 au 27 rue Jules Amilhau, 31100 Toulouse, France, dont le num\u00e9ro de TVA intracommunautaire est FR 27 487 694 374, immatricul\u00e9e au Registre du Commerce et des Soci\u00e9t\u00e9s de Toulouse sous le num\u00e9ro 487 694 374.<\/p>\r\n<p>&nbsp;<\/p>\r\n\r\n\r\n\r\n<h3 class=\"wp-block-heading\">H\u00e9bergeur du site<\/h3>\r\n\r\n<p>Le site <strong><em>shop.natch-abbia.com<\/em><\/strong> est h\u00e9berg\u00e9 en France par la soci\u00e9t\u00e9 o2switch, dont le si\u00e8ge social est situ\u00e9 Chemin des Pardiaux \u2013 63000 Clermont-Ferrand \u2013 France.<\/p>\r\n<p>Localisation du serveur o2switch : France<\/p>\r\n<p>&nbsp;<\/p>\r\n<h3>H\u00e9bergeur des services et produits du site<\/h3>\r\n\r\n<p>Les services <em><strong>natch-abbia.com<\/strong><\/em> sont h\u00e9berg\u00e9s en France par la soci\u00e9t\u00e9 OVH, dont le si\u00e8ge social est situ\u00e9 au 2, rue Kellermann BP 80157 &#8211; 59053 ROUBAIX cedex 1 \u2013 France.<\/p>\r\n\r\n\r\n\r\n<p>Localisation du serveur OVHcloud\u00a0: Gravelines (GRA) \u2013 France<\/p>\r\n<p>&nbsp;<\/p>\r\n\r\n\r\n\r\n<h3 class=\"wp-block-heading\">Contacter le site<\/h3>\r\n\r\n\r\n\r\n<p>Par courriel : <a href=\"mailto:support-natch@abbia.fr\">support-natch@abbia.fr<\/a><\/p>\r\n<p>&nbsp;<\/p>\r\n","protected":false},"excerpt":{"rendered":"<p>Conform\u00e9ment aux dispositions de la loi n\u00b0 2004-575 du 21 juin 2004 pour la confiance en l\u2019\u00e9conomie num\u00e9rique, il est pr\u00e9cis\u00e9 aux utilisateurs du site\u00a0shop.natch-abbia.com\u00a0l\u2019identit\u00e9 des diff\u00e9rents intervenants dans le cadre de sa r\u00e9alisation et de son suivi. &nbsp; Responsable \u00e9dition et publication du site Le site\u00a0shop.natch-abbia.com\u00a0est \u00e9dit\u00e9 par la soci\u00e9t\u00e9 ABBIA \u00ab GNSS Technologies [&hellip;]<\/p>\n","protected":false},"author":1,"featured_media":0,"parent":0,"menu_order":0,"comment_status":"closed","ping_status":"closed","template":"","meta":{"_et_pb_use_builder":"off","_et_pb_old_content":"","_et_gb_content_width":"1080","footnotes":""},"class_list":["post-496","page","type-page","status-publish","hentry"],"yoast_head":"<!-- This site is optimized with the Yoast SEO plugin v26.7 - https:\/\/yoast.com\/wordpress\/plugins\/seo\/ -->\n<title>Mentions l\u00e9gales - Solution Natch<\/title>\n<meta name=\"robots\" content=\"noindex, nofollow\" \/>\n<meta property=\"og:locale\" content=\"es_ES\" \/>\n<meta property=\"og:type\" content=\"article\" \/>\n<meta property=\"og:title\" content=\"Mentions l\u00e9gales - Solution Natch\" \/>\n<meta property=\"og:description\" content=\"Conform\u00e9ment aux dispositions de la loi n\u00b0 2004-575 du 21 juin 2004 pour la confiance en l\u2019\u00e9conomie num\u00e9rique, il est pr\u00e9cis\u00e9 aux utilisateurs du site\u00a0shop.natch-abbia.com\u00a0l\u2019identit\u00e9 des diff\u00e9rents intervenants dans le cadre de sa r\u00e9alisation et de son suivi. &nbsp; Responsable \u00e9dition et publication du site Le site\u00a0shop.natch-abbia.com\u00a0est \u00e9dit\u00e9 par la soci\u00e9t\u00e9 ABBIA \u00ab GNSS Technologies [&hellip;]\" \/>\n<meta property=\"og:url\" content=\"https:\/\/shop.natch-abbia.com\/es\/mentions-legales\/\" \/>\n<meta property=\"og:site_name\" content=\"Solution Natch\" \/>\n<meta property=\"article:modified_time\" content=\"2024-03-18T14:07:37+00:00\" \/>\n<meta name=\"twitter:card\" content=\"summary_large_image\" \/>\n<meta name=\"twitter:label1\" content=\"Tiempo de lectura\" \/>\n\t<meta name=\"twitter:data1\" content=\"1 minuto\" \/>\n<!-- \/ Yoast SEO plugin. -->","yoast_head_json":{"title":"Mentions l\u00e9gales - Solution Natch","robots":{"index":"noindex","follow":"nofollow"},"og_locale":"es_ES","og_type":"article","og_title":"Mentions l\u00e9gales - Solution Natch","og_description":"Conform\u00e9ment aux dispositions de la loi n\u00b0 2004-575 du 21 juin 2004 pour la confiance en l\u2019\u00e9conomie num\u00e9rique, il est pr\u00e9cis\u00e9 aux utilisateurs du site\u00a0shop.natch-abbia.com\u00a0l\u2019identit\u00e9 des diff\u00e9rents intervenants dans le cadre de sa r\u00e9alisation et de son suivi. &nbsp; Responsable \u00e9dition et publication du site Le site\u00a0shop.natch-abbia.com\u00a0est \u00e9dit\u00e9 par la soci\u00e9t\u00e9 ABBIA \u00ab GNSS Technologies [&hellip;]","og_url":"https:\/\/shop.natch-abbia.com\/es\/mentions-legales\/","og_site_name":"Solution Natch","article_modified_time":"2024-03-18T14:07:37+00:00","twitter_card":"summary_large_image","twitter_misc":{"Tiempo de lectura":"1 minuto"},"schema":{"@context":"https:\/\/schema.org","@graph":[{"@type":"WebPage","@id":"https:\/\/shop.natch-abbia.com\/es\/mentions-legales\/","url":"https:\/\/shop.natch-abbia.com\/es\/mentions-legales\/","name":"Mentions l\u00e9gales - Solution Natch","isPartOf":{"@id":"https:\/\/shop.natch-abbia.com\/es\/#website"},"datePublished":"2023-02-22T16:05:23+00:00","dateModified":"2024-03-18T14:07:37+00:00","breadcrumb":{"@id":"https:\/\/shop.natch-abbia.com\/es\/mentions-legales\/#breadcrumb"},"inLanguage":"es","potentialAction":[{"@type":"ReadAction","target":["https:\/\/shop.natch-abbia.com\/es\/mentions-legales\/"]}]},{"@type":"BreadcrumbList","@id":"https:\/\/shop.natch-abbia.com\/es\/mentions-legales\/#breadcrumb","itemListElement":[{"@type":"ListItem","position":1,"name":"Inicio","item":"https:\/\/shop.natch-abbia.com\/es\/"},{"@type":"ListItem","position":2,"name":"Mentions l\u00e9gales"}]},{"@type":"WebSite","@id":"https:\/\/shop.natch-abbia.com\/es\/#website","url":"https:\/\/shop.natch-abbia.com\/es\/","name":"Solution Natch","description":"","potentialAction":[{"@type":"SearchAction","target":{"@type":"EntryPoint","urlTemplate":"https:\/\/shop.natch-abbia.com\/es\/?s={search_term_string}"},"query-input":{"@type":"PropertyValueSpecification","valueRequired":true,"valueName":"search_term_string"}}],"inLanguage":"es"}]}},"_links":{"self":[{"href":"https:\/\/shop.natch-abbia.com\/es\/wp-json\/wp\/v2\/pages\/496","targetHints":{"allow":["GET"]}}],"collection":[{"href":"https:\/\/shop.natch-abbia.com\/es\/wp-json\/wp\/v2\/pages"}],"about":[{"href":"https:\/\/shop.natch-abbia.com\/es\/wp-json\/wp\/v2\/types\/page"}],"author":[{"embeddable":true,"href":"https:\/\/shop.natch-abbia.com\/es\/wp-json\/wp\/v2\/users\/1"}],"replies":[{"embeddable":true,"href":"https:\/\/shop.natch-abbia.com\/es\/wp-json\/wp\/v2\/comments?post=496"}],"version-history":[{"count":6,"href":"https:\/\/shop.natch-abbia.com\/es\/wp-json\/wp\/v2\/pages\/496\/revisions"}],"predecessor-version":[{"id":2596,"href":"https:\/\/shop.natch-abbia.com\/es\/wp-json\/wp\/v2\/pages\/496\/revisions\/2596"}],"wp:attachment":[{"href":"https:\/\/shop.natch-abbia.com\/es\/wp-json\/wp\/v2\/media?parent=496"}],"curies":[{"name":"wp","href":"https:\/\/api.w.org\/{rel}","templated":true}]}}